{"id":14,"date":"2025-11-17T07:58:39","date_gmt":"2025-11-17T06:58:39","guid":{"rendered":"https:\/\/gfs-ifd.de\/?page_id=14"},"modified":"2026-02-16T13:58:45","modified_gmt":"2026-02-16T12:58:45","slug":"projekte","status":"publish","type":"page","link":"https:\/\/gfs-ifd.de\/en\/projekte\/","title":{"rendered":"Our Projects"},"content":{"rendered":"\t\t<div data-elementor-type=\"wp-page\" data-elementor-id=\"14\" class=\"elementor elementor-14\" data-elementor-post-type=\"page\">\n\t\t\t\t<div class=\"elementor-element elementor-element-8d89fd7 e-flex e-con-boxed e-con e-parent\" data-id=\"8d89fd7\" data-element_type=\"container\" data-e-type=\"container\" data-settings=\"{&quot;background_background&quot;:&quot;classic&quot;}\">\n\t\t\t\t\t<div class=\"e-con-inner\">\n\t\t<div class=\"elementor-element elementor-element-11ebb14 e-con-full e-flex e-con e-child\" data-id=\"11ebb14\" data-element_type=\"container\" data-e-type=\"container\">\n\t\t\t\t<div class=\"elementor-element elementor-element-4166e1b elementor-widget elementor-widget-heading\" data-id=\"4166e1b\" data-element_type=\"widget\" data-e-type=\"widget\" data-widget_type=\"heading.default\">\n\t\t\t\t\t<h2 class=\"elementor-heading-title elementor-size-default\">Unsere Projekte<\/h2>\t\t\t\t<\/div>\n\t\t\t\t<div class=\"elementor-element elementor-element-71db0e4 hyphen elementor-widget elementor-widget-heading\" data-id=\"71db0e4\" data-element_type=\"widget\" data-e-type=\"widget\" data-widget_type=\"heading.default\">\n\t\t\t\t\t<h1 class=\"elementor-heading-title elementor-size-default\">Wissenschaftliche Forschung &amp; internationale Kooperationen<\/h1>\t\t\t\t<\/div>\n\t\t\t\t<div class=\"elementor-element elementor-element-e65eeda elementor-widget elementor-widget-text-editor\" data-id=\"e65eeda\" data-element_type=\"widget\" data-e-type=\"widget\" data-widget_type=\"text-editor.default\">\n\t\t\t\t\t\t\t\t\t<p data-start=\"1113\" data-end=\"1328\">Die Projekte der Gesellschaft zur F\u00f6rderung der Stechm\u00fcckenbek\u00e4mpfung e. V. verbinden angewandte Forschung, internationale Zusammenarbeit und praxisnahe Ma\u00dfnahmen zur Vektorkontrolle. Im Mittelpunkt stehen umweltvertr\u00e4gliche Bek\u00e4mpfungsstrategien, die Reduktion krankheits\u00fcbertragender Stechm\u00fccken sowie der nachhaltige Schutz von Mensch und Umwelt. Unsere Projektarbeit erfolgt interdisziplin\u00e4r, evidenzbasiert und in enger Kooperation mit lokalen und internationalen Partnern.<\/p>\t\t\t\t\t\t\t\t<\/div>\n\t\t\t\t<div class=\"elementor-element elementor-element-befd1c5 elementor-view-framed scroll-icon2 elementor-shape-circle elementor-widget elementor-widget-icon\" data-id=\"befd1c5\" data-element_type=\"widget\" data-e-type=\"widget\" data-widget_type=\"icon.default\">\n\t\t\t\t\t\t\t<div class=\"elementor-icon-wrapper\">\n\t\t\t<a class=\"elementor-icon\" href=\"#push\">\n\t\t\t<svg aria-hidden=\"true\" class=\"e-font-icon-svg e-fas-chevron-down\" viewBox=\"0 0 448 512\" xmlns=\"http:\/\/www.w3.org\/2000\/svg\"><path d=\"M207.029 381.476L12.686 187.132c-9.373-9.373-9.373-24.569 0-33.941l22.667-22.667c9.357-9.357 24.522-9.375 33.901-.04L224 284.505l154.745-154.021c9.379-9.335 24.544-9.317 33.901.04l22.667 22.667c9.373 9.373 9.373 24.569 0 33.941L240.971 381.476c-9.373 9.372-24.569 9.372-33.942 0z\"><\/path><\/svg>\t\t\t<\/a>\n\t\t<\/div>\n\t\t\t\t\t\t<\/div>\n\t\t\t\t<\/div>\n\t\t\t\t\t<\/div>\n\t\t\t\t<\/div>\n\t\t<div class=\"elementor-element elementor-element-62f6e9b e-flex e-con-boxed e-con e-parent\" data-id=\"62f6e9b\" data-element_type=\"container\" data-e-type=\"container\" id=\"push\" data-settings=\"{&quot;background_background&quot;:&quot;classic&quot;}\">\n\t\t\t\t\t<div class=\"e-con-inner\">\n\t\t\t\t<div class=\"elementor-element elementor-element-0af0754 elementor-grid-3 elementor-grid-tablet-2 elementor-grid-mobile-1 elementor-widget elementor-widget-loop-grid\" data-id=\"0af0754\" data-element_type=\"widget\" data-e-type=\"widget\" data-settings=\"{&quot;template_id&quot;:&quot;909&quot;,&quot;pagination_type&quot;:&quot;load_more_on_click&quot;,&quot;row_gap&quot;:{&quot;unit&quot;:&quot;px&quot;,&quot;size&quot;:20,&quot;sizes&quot;:[]},&quot;_skin&quot;:&quot;post&quot;,&quot;columns&quot;:&quot;3&quot;,&quot;columns_tablet&quot;:&quot;2&quot;,&quot;columns_mobile&quot;:&quot;1&quot;,&quot;edit_handle_selector&quot;:&quot;[data-elementor-type=\\&quot;loop-item\\&quot;]&quot;,&quot;load_more_spinner&quot;:{&quot;value&quot;:&quot;fas fa-spinner&quot;,&quot;library&quot;:&quot;fa-solid&quot;},&quot;row_gap_tablet&quot;:{&quot;unit&quot;:&quot;px&quot;,&quot;size&quot;:&quot;&quot;,&quot;sizes&quot;:[]},&quot;row_gap_mobile&quot;:{&quot;unit&quot;:&quot;px&quot;,&quot;size&quot;:&quot;&quot;,&quot;sizes&quot;:[]}}\" data-widget_type=\"loop-grid.post\">\n\t\t\t\t<div class=\"elementor-widget-container\">\n\t\t\t\t\t\t\t<div class=\"elementor-loop-container elementor-grid\" role=\"list\">\n\t\t<style id=\"loop-909\">.elementor-909 .elementor-element.elementor-element-9ed4f5d{--display:flex;--flex-direction:column;--container-widget-width:100%;--container-widget-height:initial;--container-widget-flex-grow:0;--container-widget-align-self:initial;--flex-wrap-mobile:wrap;--gap:0px 0px;--row-gap:0px;--column-gap:0px;--border-radius:20px 20px 20px 20px;box-shadow:0px 0px 10px 0px rgba(0, 0, 0, 0.15);--padding-top:0px;--padding-bottom:0px;--padding-left:0px;--padding-right:0px;}.elementor-909 .elementor-element.elementor-element-9ed4f5d:not(.elementor-motion-effects-element-type-background), .elementor-909 .elementor-element.elementor-element-9ed4f5d > .elementor-motion-effects-container > .elementor-motion-effects-layer{background-color:var( --e-global-color-8fd49f0 );}.elementor-909 .elementor-element.elementor-element-9894d5a{--display:flex;--gap:30px 30px;--row-gap:30px;--column-gap:30px;border-style:none;--border-style:none;--padding-top:30px;--padding-bottom:30px;--padding-left:35px;--padding-right:35px;}.elementor-widget-image .widget-image-caption{color:var( --e-global-color-text );font-family:var( --e-global-typography-text-font-family ), Sans-serif;font-weight:var( --e-global-typography-text-font-weight );}.elementor-909 .elementor-element.elementor-element-c14a389 img{transition-duration:1s;}.elementor-widget-heading .elementor-heading-title{font-family:var( --e-global-typography-primary-font-family ), Sans-serif;font-weight:var( --e-global-typography-primary-font-weight );color:var( --e-global-color-primary );}.elementor-909 .elementor-element.elementor-element-eb07f9c .elementor-heading-title a:hover, .elementor-909 .elementor-element.elementor-element-eb07f9c .elementor-heading-title a:focus{color:var( --e-global-color-secondary );}.elementor-909 .elementor-element.elementor-element-eb07f9c{margin:0px 0px calc(var(--kit-widget-spacing, 0px) + 0px) 0px;}.elementor-909 .elementor-element.elementor-element-c943a55{--display:flex;--justify-content:space-between;--border-radius:0px 0px 10px 10px;--padding-top:35px;--padding-bottom:50px;--padding-left:35px;--padding-right:35px;}.elementor-909 .elementor-element.elementor-element-c943a55:not(.elementor-motion-effects-element-type-background), .elementor-909 .elementor-element.elementor-element-c943a55 > .elementor-motion-effects-container > .elementor-motion-effects-layer{background-color:#F8F8F8;}.elementor-909 .elementor-element.elementor-element-c943a55.e-con{--flex-grow:1;--flex-shrink:0;}.elementor-widget-text-editor{font-family:var( --e-global-typography-text-font-family ), Sans-serif;font-weight:var( --e-global-typography-text-font-weight );color:var( --e-global-color-text );}.elementor-widget-text-editor.elementor-drop-cap-view-stacked .elementor-drop-cap{background-color:var( --e-global-color-primary );}.elementor-widget-text-editor.elementor-drop-cap-view-framed .elementor-drop-cap, .elementor-widget-text-editor.elementor-drop-cap-view-default .elementor-drop-cap{color:var( --e-global-color-primary );border-color:var( --e-global-color-primary );}.elementor-909 .elementor-element.elementor-element-72791ef{margin:0px 0px calc(var(--kit-widget-spacing, 0px) + -20px) 0px;}.elementor-widget-button .elementor-button{font-family:var( --e-global-typography-accent-font-family ), Sans-serif;font-weight:var( --e-global-typography-accent-font-weight );background-color:var( --e-global-color-accent );}.elementor-909 .elementor-element.elementor-element-c396241 .elementor-button{fill:var( --e-global-color-8fd49f0 );color:var( --e-global-color-8fd49f0 );}.elementor-909 .elementor-element.elementor-element-c396241 .elementor-button:hover, .elementor-909 .elementor-element.elementor-element-c396241 .elementor-button:focus{color:var( --e-global-color-8fd49f0 );background-color:var( --e-global-color-secondary );}.elementor-909 .elementor-element.elementor-element-c396241 .elementor-button:hover svg, .elementor-909 .elementor-element.elementor-element-c396241 .elementor-button:focus svg{fill:var( --e-global-color-8fd49f0 );}.elementor-909 .elementor-element.elementor-element-c396241{margin:20px 0px calc(var(--kit-widget-spacing, 0px) + 0px) 0px;}@media(max-width:767px){.elementor-909 .elementor-element.elementor-element-9894d5a{--padding-top:30px;--padding-bottom:20px;--padding-left:20px;--padding-right:20px;}.elementor-909 .elementor-element.elementor-element-c943a55{--padding-top:20px;--padding-bottom:30px;--padding-left:20px;--padding-right:20px;}}<\/style>\t\t<div data-elementor-type=\"loop-item\" data-elementor-id=\"909\" class=\"elementor elementor-909 e-loop-item e-loop-item-1245 post-1245 projekt type-projekt status-publish hentry\" data-elementor-post-type=\"elementor_library\" data-custom-edit-handle=\"1\">\n\t\t\t<div class=\"elementor-element elementor-element-9ed4f5d e-con-full e-flex e-con e-child\" data-id=\"9ed4f5d\" data-element_type=\"container\" data-e-type=\"container\" data-settings=\"{&quot;background_background&quot;:&quot;classic&quot;}\">\n\t\t<div class=\"elementor-element elementor-element-9894d5a e-con-full e-flex e-con e-child\" data-id=\"9894d5a\" data-element_type=\"container\" data-e-type=\"container\">\n\t\t\t\t<div class=\"elementor-element elementor-element-c14a389 elementor-widget elementor-widget-image\" data-id=\"c14a389\" data-element_type=\"widget\" data-e-type=\"widget\" data-widget_type=\"image.default\">\n\t\t\t\t\t\t\t\t\t\t\t\t\t\t\t\t<a href=\"https:\/\/gfs-ifd.de\/en\/projekt\/culifo2-3\/\">\n\t\t\t\t\t\t\t<img fetchpriority=\"high\" decoding=\"async\" width=\"800\" height=\"450\" src=\"https:\/\/gfs-ifd.de\/wp-content\/uploads\/2026\/03\/CuliFo3.jpg\" class=\"attachment-large size-large wp-image-1246\" alt=\"\" srcset=\"https:\/\/gfs-ifd.de\/wp-content\/uploads\/2026\/03\/CuliFo3.jpg 1920w, https:\/\/gfs-ifd.de\/wp-content\/uploads\/2026\/03\/CuliFo3-1000x563.jpg 1000w, https:\/\/gfs-ifd.de\/wp-content\/uploads\/2026\/03\/CuliFo3-768x432.jpg 768w, https:\/\/gfs-ifd.de\/wp-content\/uploads\/2026\/03\/CuliFo3-1536x864.jpg 1536w, https:\/\/gfs-ifd.de\/wp-content\/uploads\/2026\/03\/CuliFo3-18x10.jpg 18w\" sizes=\"(max-width: 800px) 100vw, 800px\" \/>\t\t\t\t\t\t\t\t<\/a>\n\t\t\t\t\t\t\t\t\t\t\t\t\t\t\t<\/div>\n\t\t\t\t<div class=\"elementor-element elementor-element-eb07f9c elementor-widget elementor-widget-heading\" data-id=\"eb07f9c\" data-element_type=\"widget\" data-e-type=\"widget\" data-widget_type=\"heading.default\">\n\t\t\t\t\t<h3 class=\"elementor-heading-title elementor-size-default\"><a href=\"https:\/\/gfs-ifd.de\/en\/projekt\/culifo2-3\/\">CuliFo2 &amp; 3<\/a><\/h3>\t\t\t\t<\/div>\n\t\t\t\t<\/div>\n\t\t<div class=\"elementor-element elementor-element-c943a55 e-con-full e-flex e-con e-child\" data-id=\"c943a55\" data-element_type=\"container\" data-e-type=\"container\" data-settings=\"{&quot;background_background&quot;:&quot;classic&quot;}\">\n\t\t\t\t<div class=\"elementor-element elementor-element-72791ef elementor-widget elementor-widget-text-editor\" data-id=\"72791ef\" data-element_type=\"widget\" data-e-type=\"widget\" data-widget_type=\"text-editor.default\">\n\t\t\t\t\t\t\t\t\tWeiterentwicklung biologischer Bek\u00e4mpfungsstrategien gegen Aedes- und Culex-Arten mit Fokus auf die Asiatische Tigerm\u00fccke (Aedes albopictus) durch den Einsatz und die Optimierung mikrobieller Verfahren wie Bti.\t\t\t\t\t\t\t\t<\/div>\n\t\t\t\t<div class=\"elementor-element elementor-element-c396241 elementor-widget elementor-widget-button\" data-id=\"c396241\" data-element_type=\"widget\" data-e-type=\"widget\" data-widget_type=\"button.default\">\n\t\t\t\t\t\t\t\t\t\t<a class=\"elementor-button elementor-button-link elementor-size-sm\" href=\"https:\/\/gfs-ifd.de\/en\/projekt\/culifo2-3\/\">\n\t\t\t\t\t\t<span class=\"elementor-button-content-wrapper\">\n\t\t\t\t\t\t\t\t\t<span class=\"elementor-button-text\">Mehr zum Projekt<\/span>\n\t\t\t\t\t<\/span>\n\t\t\t\t\t<\/a>\n\t\t\t\t\t\t\t\t<\/div>\n\t\t\t\t<\/div>\n\t\t\t\t<\/div>\n\t\t\t\t<\/div>\n\t\t\t\t<div data-elementor-type=\"loop-item\" data-elementor-id=\"909\" class=\"elementor elementor-909 e-loop-item e-loop-item-1243 post-1243 projekt type-projekt status-publish hentry\" data-elementor-post-type=\"elementor_library\" data-custom-edit-handle=\"1\">\n\t\t\t<div class=\"elementor-element elementor-element-9ed4f5d e-con-full e-flex e-con e-child\" data-id=\"9ed4f5d\" data-element_type=\"container\" data-e-type=\"container\" data-settings=\"{&quot;background_background&quot;:&quot;classic&quot;}\">\n\t\t<div class=\"elementor-element elementor-element-9894d5a e-con-full e-flex e-con e-child\" data-id=\"9894d5a\" data-element_type=\"container\" data-e-type=\"container\">\n\t\t\t\t<div class=\"elementor-element elementor-element-c14a389 elementor-widget elementor-widget-image\" data-id=\"c14a389\" data-element_type=\"widget\" data-e-type=\"widget\" data-widget_type=\"image.default\">\n\t\t\t\t\t\t\t\t\t\t\t\t\t\t\t\t<a href=\"https:\/\/gfs-ifd.de\/en\/projekt\/culimo\/\">\n\t\t\t\t\t\t\t<img decoding=\"async\" width=\"800\" height=\"450\" src=\"https:\/\/gfs-ifd.de\/wp-content\/uploads\/2026\/03\/CuliMo.jpg\" class=\"attachment-large size-large wp-image-1244\" alt=\"\" srcset=\"https:\/\/gfs-ifd.de\/wp-content\/uploads\/2026\/03\/CuliMo.jpg 1920w, https:\/\/gfs-ifd.de\/wp-content\/uploads\/2026\/03\/CuliMo-1000x563.jpg 1000w, https:\/\/gfs-ifd.de\/wp-content\/uploads\/2026\/03\/CuliMo-768x432.jpg 768w, https:\/\/gfs-ifd.de\/wp-content\/uploads\/2026\/03\/CuliMo-1536x864.jpg 1536w, https:\/\/gfs-ifd.de\/wp-content\/uploads\/2026\/03\/CuliMo-18x10.jpg 18w\" sizes=\"(max-width: 800px) 100vw, 800px\" \/>\t\t\t\t\t\t\t\t<\/a>\n\t\t\t\t\t\t\t\t\t\t\t\t\t\t\t<\/div>\n\t\t\t\t<div class=\"elementor-element elementor-element-eb07f9c elementor-widget elementor-widget-heading\" data-id=\"eb07f9c\" data-element_type=\"widget\" data-e-type=\"widget\" data-widget_type=\"heading.default\">\n\t\t\t\t\t<h3 class=\"elementor-heading-title elementor-size-default\"><a href=\"https:\/\/gfs-ifd.de\/en\/projekt\/culimo\/\">CuliMo<\/a><\/h3>\t\t\t\t<\/div>\n\t\t\t\t<\/div>\n\t\t<div class=\"elementor-element elementor-element-c943a55 e-con-full e-flex e-con e-child\" data-id=\"c943a55\" data-element_type=\"container\" data-e-type=\"container\" data-settings=\"{&quot;background_background&quot;:&quot;classic&quot;}\">\n\t\t\t\t<div class=\"elementor-element elementor-element-72791ef elementor-widget elementor-widget-text-editor\" data-id=\"72791ef\" data-element_type=\"widget\" data-e-type=\"widget\" data-widget_type=\"text-editor.default\">\n\t\t\t\t\t\t\t\t\tMonitoring der Stechm\u00fccken in Deutschland zur Analyse von Verbreitung und saisonaler Dynamik \u2013 Grundlage f\u00fcr Forschung und Bek\u00e4mpfungsstrategien.\t\t\t\t\t\t\t\t<\/div>\n\t\t\t\t<div class=\"elementor-element elementor-element-c396241 elementor-widget elementor-widget-button\" data-id=\"c396241\" data-element_type=\"widget\" data-e-type=\"widget\" data-widget_type=\"button.default\">\n\t\t\t\t\t\t\t\t\t\t<a class=\"elementor-button elementor-button-link elementor-size-sm\" href=\"https:\/\/gfs-ifd.de\/en\/projekt\/culimo\/\">\n\t\t\t\t\t\t<span class=\"elementor-button-content-wrapper\">\n\t\t\t\t\t\t\t\t\t<span class=\"elementor-button-text\">Mehr zum Projekt<\/span>\n\t\t\t\t\t<\/span>\n\t\t\t\t\t<\/a>\n\t\t\t\t\t\t\t\t<\/div>\n\t\t\t\t<\/div>\n\t\t\t\t<\/div>\n\t\t\t\t<\/div>\n\t\t\t\t<div data-elementor-type=\"loop-item\" data-elementor-id=\"909\" class=\"elementor elementor-909 e-loop-item e-loop-item-1213 post-1213 projekt type-projekt status-publish hentry\" data-elementor-post-type=\"elementor_library\" data-custom-edit-handle=\"1\">\n\t\t\t<div class=\"elementor-element elementor-element-9ed4f5d e-con-full e-flex e-con e-child\" data-id=\"9ed4f5d\" data-element_type=\"container\" data-e-type=\"container\" data-settings=\"{&quot;background_background&quot;:&quot;classic&quot;}\">\n\t\t<div class=\"elementor-element elementor-element-9894d5a e-con-full e-flex e-con e-child\" data-id=\"9894d5a\" data-element_type=\"container\" data-e-type=\"container\">\n\t\t\t\t<div class=\"elementor-element elementor-element-c14a389 elementor-widget elementor-widget-image\" data-id=\"c14a389\" data-element_type=\"widget\" data-e-type=\"widget\" data-widget_type=\"image.default\">\n\t\t\t\t\t\t\t\t\t\t\t\t\t\t\t\t<a href=\"https:\/\/gfs-ifd.de\/en\/projekt\/aviator\/\">\n\t\t\t\t\t\t\t<img decoding=\"async\" width=\"800\" height=\"450\" src=\"https:\/\/gfs-ifd.de\/wp-content\/uploads\/2026\/03\/Aviator.jpg\" class=\"attachment-large size-large wp-image-1214\" alt=\"\" srcset=\"https:\/\/gfs-ifd.de\/wp-content\/uploads\/2026\/03\/Aviator.jpg 1920w, https:\/\/gfs-ifd.de\/wp-content\/uploads\/2026\/03\/Aviator-1000x563.jpg 1000w, https:\/\/gfs-ifd.de\/wp-content\/uploads\/2026\/03\/Aviator-768x432.jpg 768w, https:\/\/gfs-ifd.de\/wp-content\/uploads\/2026\/03\/Aviator-1536x864.jpg 1536w\" sizes=\"(max-width: 800px) 100vw, 800px\" \/>\t\t\t\t\t\t\t\t<\/a>\n\t\t\t\t\t\t\t\t\t\t\t\t\t\t\t<\/div>\n\t\t\t\t<div class=\"elementor-element elementor-element-eb07f9c elementor-widget elementor-widget-heading\" data-id=\"eb07f9c\" data-element_type=\"widget\" data-e-type=\"widget\" data-widget_type=\"heading.default\">\n\t\t\t\t\t<h3 class=\"elementor-heading-title elementor-size-default\"><a href=\"https:\/\/gfs-ifd.de\/en\/projekt\/aviator\/\">Aviator<\/a><\/h3>\t\t\t\t<\/div>\n\t\t\t\t<\/div>\n\t\t<div class=\"elementor-element elementor-element-c943a55 e-con-full e-flex e-con e-child\" data-id=\"c943a55\" data-element_type=\"container\" data-e-type=\"container\" data-settings=\"{&quot;background_background&quot;:&quot;classic&quot;}\">\n\t\t\t\t<div class=\"elementor-element elementor-element-72791ef elementor-widget elementor-widget-text-editor\" data-id=\"72791ef\" data-element_type=\"widget\" data-e-type=\"widget\" data-widget_type=\"text-editor.default\">\n\t\t\t\t\t\t\t\t\tEU-gef\u00f6rdertes Interreg-Projekt zum Schutz von Greifv\u00f6geln und zur Untersuchung von durch Stechm\u00fccken \u00fcbertragenen Infektionen in den Donauregionen.\t\t\t\t\t\t\t\t<\/div>\n\t\t\t\t<div class=\"elementor-element elementor-element-c396241 elementor-widget elementor-widget-button\" data-id=\"c396241\" data-element_type=\"widget\" data-e-type=\"widget\" data-widget_type=\"button.default\">\n\t\t\t\t\t\t\t\t\t\t<a class=\"elementor-button elementor-button-link elementor-size-sm\" href=\"https:\/\/gfs-ifd.de\/en\/projekt\/aviator\/\">\n\t\t\t\t\t\t<span class=\"elementor-button-content-wrapper\">\n\t\t\t\t\t\t\t\t\t<span class=\"elementor-button-text\">Mehr zum Projekt<\/span>\n\t\t\t\t\t<\/span>\n\t\t\t\t\t<\/a>\n\t\t\t\t\t\t\t\t<\/div>\n\t\t\t\t<\/div>\n\t\t\t\t<\/div>\n\t\t\t\t<\/div>\n\t\t\t\t<\/div>\n\t\t\t\t\t<span class=\"e-load-more-spinner\">\n\t\t\t\t<svg aria-hidden=\"true\" class=\"e-font-icon-svg e-fas-spinner\" viewBox=\"0 0 512 512\" xmlns=\"http:\/\/www.w3.org\/2000\/svg\"><path d=\"M304 48c0 26.51-21.49 48-48 48s-48-21.49-48-48 21.49-48 48-48 48 21.49 48 48zm-48 368c-26.51 0-48 21.49-48 48s21.49 48 48 48 48-21.49 48-48-21.49-48-48-48zm208-208c-26.51 0-48 21.49-48 48s21.49 48 48 48 48-21.49 48-48-21.49-48-48-48zM96 256c0-26.51-21.49-48-48-48S0 229.49 0 256s21.49 48 48 48 48-21.49 48-48zm12.922 99.078c-26.51 0-48 21.49-48 48s21.49 48 48 48 48-21.49 48-48c0-26.509-21.491-48-48-48zm294.156 0c-26.51 0-48 21.49-48 48s21.49 48 48 48 48-21.49 48-48c0-26.509-21.49-48-48-48zM108.922 60.922c-26.51 0-48 21.49-48 48s21.49 48 48 48 48-21.49 48-48-21.491-48-48-48z\"><\/path><\/svg>\t\t\t<\/span>\n\t\t\n\t\t\t\t<div class=\"e-load-more-anchor\" data-page=\"1\" data-max-page=\"7\" data-next-page=\"https:\/\/gfs-ifd.de\/en\/wp-json\/wp\/v2\/pages\/14\/page\/2\/\"><\/div>\n\t\t\t\t<div class=\"e-loop__load-more elementor-button-wrapper\">\n\t\t\t<a class=\"elementor-button elementor-size-sm\" role=\"button\">\n\t\t\t\t\t\t<span class=\"elementor-button-content-wrapper\">\n\t\t\t\t\t\t\t\t\t<span class=\"elementor-button-text\">Mehr Projekte laden<\/span>\n\t\t\t\t\t<\/span>\n\t\t\t\t\t<\/a>\n\t\t<\/div>\n\t\t\t\t<div class=\"e-load-more-message\">Keine weiteren Projekte<\/div>\n\t\t\t\t\t\t<\/div>\n\t\t\t\t<\/div>\n\t\t\t\t\t<\/div>\n\t\t\t\t<\/div>\n\t\t<div class=\"elementor-element elementor-element-8033d97 e-flex e-con-boxed e-con e-parent\" data-id=\"8033d97\" data-element_type=\"container\" data-e-type=\"container\" data-settings=\"{&quot;background_background&quot;:&quot;classic&quot;}\">\n\t\t\t\t\t<div class=\"e-con-inner\">\n\t\t<div class=\"elementor-element elementor-element-0b10a50 e-con-full e-flex e-con e-child\" data-id=\"0b10a50\" data-element_type=\"container\" data-e-type=\"container\">\n\t\t<div class=\"elementor-element elementor-element-ab3f084 e-con-full e-flex e-con e-child\" data-id=\"ab3f084\" data-element_type=\"container\" data-e-type=\"container\">\n\t\t<div class=\"elementor-element elementor-element-bb79f03 e-con-full e-flex e-con e-child\" data-id=\"bb79f03\" data-element_type=\"container\" data-e-type=\"container\">\n\t\t\t\t<div class=\"elementor-element elementor-element-3b9aac5 elementor-widget elementor-widget-heading\" data-id=\"3b9aac5\" data-element_type=\"widget\" data-e-type=\"widget\" data-widget_type=\"heading.default\">\n\t\t\t\t\t<h3 class=\"elementor-heading-title elementor-size-default\">Interesse an Zusammenarbeit oder fachlichem Austausch?<\/h3>\t\t\t\t<\/div>\n\t\t\t\t<div class=\"elementor-element elementor-element-3760df6 elementor-widget elementor-widget-heading\" data-id=\"3760df6\" data-element_type=\"widget\" data-e-type=\"widget\" data-widget_type=\"heading.default\">\n\t\t\t\t\t<h2 class=\"elementor-heading-title elementor-size-default\">Lassen Sie uns \u00fcber Projekte und Kooperationen sprechen<\/h2>\t\t\t\t<\/div>\n\t\t\t\t<div class=\"elementor-element elementor-element-fb69e3e elementor-widget__width-initial elementor-widget elementor-widget-text-editor\" data-id=\"fb69e3e\" data-element_type=\"widget\" data-e-type=\"widget\" data-widget_type=\"text-editor.default\">\n\t\t\t\t\t\t\t\t\t<p data-start=\"1113\" data-end=\"1328\">Sie m\u00f6chten mehr \u00fcber laufende oder abgeschlossene Projekte erfahren, eine fachliche Kooperation ansto\u00dfen oder den Austausch mit dem Institut f\u00fcr Dipterologie suchen? Gerne stehen wir Ihnen f\u00fcr wissenschaftliche, institutionelle oder projektbezogene Anfragen zur Verf\u00fcgung.<\/p>\t\t\t\t\t\t\t\t<\/div>\n\t\t\t\t<div class=\"elementor-element elementor-element-ad0f996 elementor-align-center elementor-widget__width-inherit elementor-invisible elementor-widget elementor-widget-button\" data-id=\"ad0f996\" data-element_type=\"widget\" data-e-type=\"widget\" data-settings=\"{&quot;_animation&quot;:&quot;fadeInUp&quot;}\" data-widget_type=\"button.default\">\n\t\t\t\t\t\t\t\t\t\t<a class=\"elementor-button elementor-button-link elementor-size-sm\" href=\"https:\/\/gfs-ifd.de\/kontakt\/\">\n\t\t\t\t\t\t<span class=\"elementor-button-content-wrapper\">\n\t\t\t\t\t\t\t\t\t<span class=\"elementor-button-text\">Jetzt Kontakt aufnehmen<\/span>\n\t\t\t\t\t<\/span>\n\t\t\t\t\t<\/a>\n\t\t\t\t\t\t\t\t<\/div>\n\t\t\t\t<\/div>\n\t\t\t\t<\/div>\n\t\t\t\t<\/div>\n\t\t\t\t\t<\/div>\n\t\t\t\t<\/div>\n\t\t\t\t<\/div>\n\t\t","protected":false},"excerpt":{"rendered":"<p>Unsere Projekte Wissenschaftliche Forschung &amp; internationale Kooperationen Die Projekte der Gesellschaft zur F\u00f6rderung der Stechm\u00fcckenbek\u00e4mpfung e. V. verbinden angewandte Forschung, internationale Zusammenarbeit und praxisnahe Ma\u00dfnahmen zur Vektorkontrolle. Im Mittelpunkt stehen umweltvertr\u00e4gliche Bek\u00e4mpfungsstrategien, die Reduktion krankheits\u00fcbertragender Stechm\u00fccken sowie der nachhaltige Schutz von Mensch und Umwelt. Unsere Projektarbeit erfolgt interdisziplin\u00e4r, evidenzbasiert und in enger Kooperation mit lokalen [&hellip;]<\/p>\n","protected":false},"author":1,"featured_media":0,"parent":0,"menu_order":0,"comment_status":"closed","ping_status":"closed","template":"elementor_header_footer","meta":{"_acf_changed":false,"footnotes":""},"class_list":["post-14","page","type-page","status-publish","hentry"],"acf":[],"_links":{"self":[{"href":"https:\/\/gfs-ifd.de\/en\/wp-json\/wp\/v2\/pages\/14","targetHints":{"allow":["GET"]}}],"collection":[{"href":"https:\/\/gfs-ifd.de\/en\/wp-json\/wp\/v2\/pages"}],"about":[{"href":"https:\/\/gfs-ifd.de\/en\/wp-json\/wp\/v2\/types\/page"}],"author":[{"embeddable":true,"href":"https:\/\/gfs-ifd.de\/en\/wp-json\/wp\/v2\/users\/1"}],"replies":[{"embeddable":true,"href":"https:\/\/gfs-ifd.de\/en\/wp-json\/wp\/v2\/comments?post=14"}],"version-history":[{"count":10,"href":"https:\/\/gfs-ifd.de\/en\/wp-json\/wp\/v2\/pages\/14\/revisions"}],"predecessor-version":[{"id":1094,"href":"https:\/\/gfs-ifd.de\/en\/wp-json\/wp\/v2\/pages\/14\/revisions\/1094"}],"wp:attachment":[{"href":"https:\/\/gfs-ifd.de\/en\/wp-json\/wp\/v2\/media?parent=14"}],"curies":[{"name":"wp","href":"https:\/\/api.w.org\/{rel}","templated":true}]}}