{"id":9,"date":"2025-11-17T07:57:58","date_gmt":"2025-11-17T06:57:58","guid":{"rendered":"https:\/\/gfs-ifd.de\/?page_id=9"},"modified":"2026-02-03T10:33:36","modified_gmt":"2026-02-03T09:33:36","slug":"impressum","status":"publish","type":"page","link":"https:\/\/gfs-ifd.de\/en\/impressum\/","title":{"rendered":"Imprint"},"content":{"rendered":"<div data-elementor-type=\"wp-page\" data-elementor-id=\"9\" class=\"elementor elementor-9\" data-elementor-post-type=\"page\">\n\t\t\t\t<div class=\"elementor-element elementor-element-11c54f6 e-flex e-con-boxed e-con e-parent\" data-id=\"11c54f6\" data-element_type=\"container\" data-e-type=\"container\" data-settings=\"{&quot;background_background&quot;:&quot;classic&quot;}\">\n\t\t\t\t\t<div class=\"e-con-inner\">\n\t\t<div class=\"elementor-element elementor-element-bf53b20 e-con-full e-flex e-con e-child\" data-id=\"bf53b20\" data-element_type=\"container\" data-e-type=\"container\">\n\t\t\t\t<div class=\"elementor-element elementor-element-fc157aa elementor-widget elementor-widget-heading\" data-id=\"fc157aa\" data-element_type=\"widget\" data-e-type=\"widget\" data-widget_type=\"heading.default\">\n\t\t\t\t\t<h2 class=\"elementor-heading-title elementor-size-default\">Legal Notice<\/h2>\t\t\t\t<\/div>\n\t\t\t\t<div class=\"elementor-element elementor-element-17e0a4a hyphen elementor-widget elementor-widget-heading\" data-id=\"17e0a4a\" data-element_type=\"widget\" data-e-type=\"widget\" data-widget_type=\"heading.default\">\n\t\t\t\t\t<h1 class=\"elementor-heading-title elementor-size-default\">Imprint<\/h1>\t\t\t\t<\/div>\n\t\t\t\t<div class=\"elementor-element elementor-element-a8fbde8 elementor-view-framed scroll-icon2 elementor-shape-circle elementor-widget elementor-widget-icon\" data-id=\"a8fbde8\" data-element_type=\"widget\" data-e-type=\"widget\" data-widget_type=\"icon.default\">\n\t\t\t\t\t\t\t<div class=\"elementor-icon-wrapper\">\n\t\t\t<a class=\"elementor-icon\" href=\"#push\">\n\t\t\t<svg aria-hidden=\"true\" class=\"e-font-icon-svg e-fas-chevron-down\" viewbox=\"0 0 448 512\" xmlns=\"http:\/\/www.w3.org\/2000\/svg\"><path d=\"M207.029 381.476L12.686 187.132c-9.373-9.373-9.373-24.569 0-33.941l22.667-22.667c9.357-9.357 24.522-9.375 33.901-.04L224 284.505l154.745-154.021c9.379-9.335 24.544-9.317 33.901.04l22.667 22.667c9.373 9.373 9.373 24.569 0 33.941L240.971 381.476c-9.373 9.372-24.569 9.372-33.942 0z\"><\/path><\/svg>\t\t\t<\/a>\n\t\t<\/div>\n\t\t\t\t\t\t<\/div>\n\t\t\t\t<\/div>\n\t\t\t\t\t<\/div>\n\t\t\t\t<\/div>\n\t\t<div class=\"elementor-element elementor-element-28b5d89 e-flex e-con-boxed e-con e-parent\" data-id=\"28b5d89\" data-element_type=\"container\" data-e-type=\"container\" id=\"push\" data-settings=\"{&quot;background_background&quot;:&quot;classic&quot;}\">\n\t\t\t\t\t<div class=\"e-con-inner\">\n\t\t<div class=\"elementor-element elementor-element-18d6655 e-con-full e-flex e-con e-child\" data-id=\"18d6655\" data-element_type=\"container\" data-e-type=\"container\">\n\t\t<div class=\"elementor-element elementor-element-85ec5d6 e-con-full e-flex e-con e-child\" data-id=\"85ec5d6\" data-element_type=\"container\" data-e-type=\"container\">\n\t\t\t\t<div class=\"elementor-element elementor-element-5ec423a elementor-widget elementor-widget-text-editor\" data-id=\"5ec423a\" data-element_type=\"widget\" data-e-type=\"widget\" data-widget_type=\"text-editor.default\">\n\t\t\t\t\t\t\t\t\t<h2>Society for the Promotion of Mosquito Control (GFS)<\/h2><p>Georg-Peter-S\u00fc\u00df-Str. 3<br \/>67346 Speyer, Germany<\/p><p>Laboratory address: <br \/>Alter Postweg 1<br \/>67346 Speyer, Germany<\/p><p>VAT ID: to be provided!<\/p><p>President: Hartwig Rihm, Former Mayor<br \/>Scientific Director: Professor Dr. Dr. h.c. Norbert Becker<br \/>Administrative Director: Fred Rennholz<br \/>Secretariat: Annette Billhard<\/p><p>The Institute of Dipterology is legally affiliated with GFS and, in accordance with its statutes and registration with the local court, operates independently in the field of research.<\/p><h4>Contact<\/h4><p>Phone: <a href=\"http:\/\/+4962329909513\" target=\"_blank\" rel=\"noopener\" data-wplink-url-error=\"true\">+49 6232 &#8211; 9909513<\/a><br \/>Mail: <a href=\"mailto:info@gfs-ifd.de\" target=\"_blank\" rel=\"noopener\">info@gfs-ifd.de<\/a><\/p><h4>Design &amp; Development<\/h4><p><a href=\"https:\/\/justmake-marketing.de\/\" target=\"_blank\" rel=\"noopener\"><strong>JustMake Marketing<\/strong><\/a><br \/>Ludwigstra\u00dfe 52-54<br \/>84524 Neu\u00f6tting, Germany<\/p><h4>Consumer dispute resolution \/ universal arbitration board<\/h4><p>We are neither willing nor obligated to participate in dispute resolution proceedings before a consumer arbitration board.<\/p><h4>Liability for content<\/h4><p>As a service provider, we are responsible for our own content on these pages in accordance with general laws pursuant to Section 7 (1) of the German Telemedia Act (TMG). However, pursuant to Sections 8 to 10 TMG, we are not obligated to monitor transmitted or stored third-party information or to investigate circumstances indicating illegal activity.<\/p><p>Obligations to remove or block the use of information under general laws remain unaffected. Any liability in this respect is only possible from the time we become aware of a specific legal violation. Upon becoming aware of such violations, we will remove the content immediately.<\/p>\t\t\t\t\t\t\t\t<\/div>\n\t\t\t\t<\/div>\n\t\t\t\t<\/div>\n\t\t\t\t\t<\/div>\n\t\t\t\t<\/div>\n\t\t\t\t<\/div>","protected":false},"excerpt":{"rendered":"<p>Rechtliches Impressum Gesellschaft zur F\u00f6rderung der Stechm\u00fcckenbek\u00e4mpfung e. V. Georg-Peter-S\u00fc\u00df-Str. 367346 Speyer Labor Adresse: Alter Postweg 167346 Speyer USt-Id-Nr.: folgt! Pr\u00e4sident: Hartwig Rihm, B\u00fcrgermeister a.D.Wissenschaftlicher Direktor: Professor Dr. Dr. h.c. Norbert BeckerVerwaltungsdirektor: Fred RennholzSekratariat: Annette Billhard Das Institut f\u00fcr Dipterologie ist der GFS rechtlich angegliedert und nimmt entsprechend der Satzung im Registergericht in eigener Selbstst\u00e4ndigkeit [&hellip;]<\/p>\n","protected":false},"author":1,"featured_media":0,"parent":0,"menu_order":0,"comment_status":"closed","ping_status":"closed","template":"elementor_header_footer","meta":{"_acf_changed":false,"footnotes":""},"class_list":["post-9","page","type-page","status-publish","hentry"],"acf":[],"_links":{"self":[{"href":"https:\/\/gfs-ifd.de\/en\/wp-json\/wp\/v2\/pages\/9","targetHints":{"allow":["GET"]}}],"collection":[{"href":"https:\/\/gfs-ifd.de\/en\/wp-json\/wp\/v2\/pages"}],"about":[{"href":"https:\/\/gfs-ifd.de\/en\/wp-json\/wp\/v2\/types\/page"}],"author":[{"embeddable":true,"href":"https:\/\/gfs-ifd.de\/en\/wp-json\/wp\/v2\/users\/1"}],"replies":[{"embeddable":true,"href":"https:\/\/gfs-ifd.de\/en\/wp-json\/wp\/v2\/comments?post=9"}],"version-history":[{"count":10,"href":"https:\/\/gfs-ifd.de\/en\/wp-json\/wp\/v2\/pages\/9\/revisions"}],"predecessor-version":[{"id":834,"href":"https:\/\/gfs-ifd.de\/en\/wp-json\/wp\/v2\/pages\/9\/revisions\/834"}],"wp:attachment":[{"href":"https:\/\/gfs-ifd.de\/en\/wp-json\/wp\/v2\/media?parent=9"}],"curies":[{"name":"wp","href":"https:\/\/api.w.org\/{rel}","templated":true}]}}